{"id":3,"date":"2021-07-23T18:02:46","date_gmt":"2021-07-23T18:02:46","guid":{"rendered":"https:\/\/damiacupunctuur.nl\/?page_id=3"},"modified":"2021-10-20T19:12:54","modified_gmt":"2021-10-20T19:12:54","slug":"privacybeleid","status":"publish","type":"page","link":"https:\/\/damiacupunctuur.nl\/pt\/politica-de-privacidade\/","title":{"rendered":"Pol\u00edtica de Privacidade"},"content":{"rendered":"<div data-elementor-type=\"wp-page\" data-elementor-id=\"3\" class=\"elementor elementor-3\" data-elementor-post-type=\"page\">\n\t\t\t\t\t\t<section class=\"elementor-section elementor-top-section elementor-element elementor-element-9eb84ae elementor-section-full_width elementor-section-height-min-height elementor-section-items-stretch elementor-section-content-middle elementor-section-height-default\" data-id=\"9eb84ae\" data-element_type=\"section\" data-e-type=\"section\" data-settings=\"{&quot;background_background&quot;:&quot;classic&quot;,&quot;shape_divider_bottom&quot;:&quot;waves&quot;,&quot;shape_divider_bottom_negative&quot;:&quot;yes&quot;}\">\n\t\t\t\t\t\t\t<div class=\"elementor-background-overlay\"><\/div>\n\t\t\t\t\t\t<div class=\"elementor-shape elementor-shape-bottom\" aria-hidden=\"true\" data-negative=\"true\">\n\t\t\t<svg xmlns=\"http:\/\/www.w3.org\/2000\/svg\" viewbox=\"0 0 1000 100\" preserveaspectratio=\"none\">\n\t<path class=\"elementor-shape-fill\" d=\"M790.5,93.1c-59.3-5.3-116.8-18-192.6-50c-29.6-12.7-76.9-31-100.5-35.9c-23.6-4.9-52.6-7.8-75.5-5.3\tc-10.2,1.1-22.6,1.4-50.1,7.4c-27.2,6.3-58.2,16.6-79.4,24.7c-41.3,15.9-94.9,21.9-134,22.6C72,58.2,0,25.8,0,25.8V100h1000V65.3\tc0,0-51.5,19.4-106.2,25.7C839.5,97,814.1,95.2,790.5,93.1z\"\/>\n<\/svg>\t\t<\/div>\n\t\t\t\t\t<div class=\"elementor-container elementor-column-gap-default\">\n\t\t\t\t\t<div class=\"elementor-column elementor-col-100 elementor-top-column elementor-element elementor-element-b141234\" data-id=\"b141234\" data-element_type=\"column\" data-e-type=\"column\">\n\t\t\t<div class=\"elementor-widget-wrap\">\n\t\t\t\t\t\t\t<\/div>\n\t\t<\/div>\n\t\t\t\t\t<\/div>\n\t\t<\/section>\n\t\t\t\t<section class=\"elementor-section elementor-top-section elementor-element elementor-element-e18f1c8 elementor-section-full_width elementor-section-height-min-height elementor-section-height-default elementor-section-items-middle\" data-id=\"e18f1c8\" data-element_type=\"section\" data-e-type=\"section\" data-settings=\"{&quot;shape_divider_top&quot;:&quot;waves&quot;}\">\n\t\t\t\t\t<div class=\"elementor-shape elementor-shape-top\" aria-hidden=\"true\" data-negative=\"false\">\n\t\t\t<svg xmlns=\"http:\/\/www.w3.org\/2000\/svg\" viewbox=\"0 0 1000 100\" preserveaspectratio=\"none\">\n\t<path class=\"elementor-shape-fill\" d=\"M421.9,6.5c22.6-2.5,51.5,0.4,75.5,5.3c23.6,4.9,70.9,23.5,100.5,35.7c75.8,32.2,133.7,44.5,192.6,49.7\tc23.6,2.1,48.7,3.5,103.4-2.5c54.7-6,106.2-25.6,106.2-25.6V0H0v30.3c0,0,72,32.6,158.4,30.5c39.2-0.7,92.8-6.7,134-22.4\tc21.2-8.1,52.2-18.2,79.7-24.2C399.3,7.9,411.6,7.5,421.9,6.5z\"\/>\n<\/svg>\t\t<\/div>\n\t\t\t\t\t<div class=\"elementor-container elementor-column-gap-default\">\n\t\t\t\t\t<div class=\"elementor-column elementor-col-100 elementor-top-column elementor-element elementor-element-4d5a8b7\" data-id=\"4d5a8b7\" data-element_type=\"column\" data-e-type=\"column\">\n\t\t\t<div class=\"elementor-widget-wrap\">\n\t\t\t\t\t\t\t<\/div>\n\t\t<\/div>\n\t\t\t\t\t<\/div>\n\t\t<\/section>\n\t\t\t\t<section class=\"elementor-section elementor-top-section elementor-element elementor-element-47d6789 elementor-section-boxed elementor-section-height-default elementor-section-height-default\" data-id=\"47d6789\" data-element_type=\"section\" data-e-type=\"section\">\n\t\t\t\t\t\t<div class=\"elementor-container elementor-column-gap-default\">\n\t\t\t\t\t<div class=\"elementor-column elementor-col-100 elementor-top-column elementor-element elementor-element-5ada82d\" data-id=\"5ada82d\" data-element_type=\"column\" data-e-type=\"column\">\n\t\t\t<div class=\"elementor-widget-wrap elementor-element-populated\">\n\t\t\t\t\t\t<div class=\"elementor-element elementor-element-c8e087a elementor-widget elementor-widget-wp-widget-aioseo-breadcrumb-widget\" data-id=\"c8e087a\" data-element_type=\"widget\" data-e-type=\"widget\" data-widget_type=\"wp-widget-aioseo-breadcrumb-widget.default\">\n\t\t\t\t<div class=\"elementor-widget-container\">\n\t\t\t\t\t<div class=\"aioseo-breadcrumbs\"><span class=\"aioseo-breadcrumb\">\n\t\t\tHome\n\t\t<\/span><\/div>\t\t\t\t<\/div>\n\t\t\t\t<\/div>\n\t\t\t\t\t<\/div>\n\t\t<\/div>\n\t\t\t\t\t<\/div>\n\t\t<\/section>\n\t\t\t\t<section class=\"elementor-section elementor-top-section elementor-element elementor-element-477889af elementor-section-content-middle elementor-section-boxed elementor-section-height-default elementor-section-height-default\" data-id=\"477889af\" data-element_type=\"section\" data-e-type=\"section\">\n\t\t\t\t\t\t<div class=\"elementor-container elementor-column-gap-no\">\n\t\t\t\t\t<div class=\"elementor-column elementor-col-100 elementor-top-column elementor-element elementor-element-3c3ce1cd\" data-id=\"3c3ce1cd\" data-element_type=\"column\" data-e-type=\"column\">\n\t\t\t<div class=\"elementor-widget-wrap elementor-element-populated\">\n\t\t\t\t\t\t<div class=\"elementor-element elementor-element-59a7b37d elementor-widget elementor-widget-heading\" data-id=\"59a7b37d\" data-element_type=\"widget\" data-e-type=\"widget\" data-widget_type=\"heading.default\">\n\t\t\t\t<div class=\"elementor-widget-container\">\n\t\t\t\t\t<h1 class=\"elementor-heading-title elementor-size-default\">Pol\u00edtica de Privacidade<\/h1>\t\t\t\t<\/div>\n\t\t\t\t<\/div>\n\t\t\t\t<section class=\"elementor-section elementor-inner-section elementor-element elementor-element-5750819e elementor-section-boxed elementor-section-height-default elementor-section-height-default\" data-id=\"5750819e\" data-element_type=\"section\" data-e-type=\"section\">\n\t\t\t\t\t\t<div class=\"elementor-container elementor-column-gap-default\">\n\t\t\t\t\t<div class=\"elementor-column elementor-col-100 elementor-inner-column elementor-element elementor-element-4e17bf50\" data-id=\"4e17bf50\" data-element_type=\"column\" data-e-type=\"column\">\n\t\t\t<div class=\"elementor-widget-wrap elementor-element-populated\">\n\t\t\t\t\t\t<div class=\"elementor-element elementor-element-8021c55 contact elementor-widget elementor-widget-text-editor\" data-id=\"8021c55\" data-element_type=\"widget\" data-e-type=\"widget\" data-widget_type=\"text-editor.default\">\n\t\t\t\t<div class=\"elementor-widget-container\">\n\t\t\t\t\t\t\t\t\t<p><span style=\"font-weight: 400;\">A Dami Acupunctuur &amp; Welzijn, localizada em Mitrastraat 14, 1363XH Almere, \u00e9 respons\u00e1vel pelo processamento de dados pessoais conforme mostrado nesta declara\u00e7\u00e3o de privacidade.<\/span><\/p><p><span style=\"font-weight: 400;\">Nossas informa\u00e7\u00f5es de contato:<\/span><\/p><ul><li><span style=\"font-weight: 400;\">Dami Acupunctuur &amp; Welzijn<\/span><\/li><li><span style=\"font-weight: 400;\">https:\/\/www.damiacupunctuur.nl<\/span><\/li><li><span style=\"font-weight: 400;\">Mitrastraat 14, 1363XH Almere<\/span><\/li><li><span style=\"font-weight: 400;\">+31 6 44 07 39 63<\/span><\/li><\/ul>\t\t\t\t\t\t\t\t<\/div>\n\t\t\t\t<\/div>\n\t\t\t\t\t<\/div>\n\t\t<\/div>\n\t\t\t\t\t<\/div>\n\t\t<\/section>\n\t\t\t\t<section class=\"elementor-section elementor-inner-section elementor-element elementor-element-0fb4a3b elementor-section-boxed elementor-section-height-default elementor-section-height-default\" data-id=\"0fb4a3b\" data-element_type=\"section\" data-e-type=\"section\">\n\t\t\t\t\t\t<div class=\"elementor-container elementor-column-gap-default\">\n\t\t\t\t\t<div class=\"elementor-column elementor-col-100 elementor-inner-column elementor-element elementor-element-0df6b50\" data-id=\"0df6b50\" data-element_type=\"column\" data-e-type=\"column\">\n\t\t\t<div class=\"elementor-widget-wrap elementor-element-populated\">\n\t\t\t\t\t\t<div class=\"elementor-element elementor-element-2ad23c5 elementor-widget elementor-widget-heading\" data-id=\"2ad23c5\" data-element_type=\"widget\" data-e-type=\"widget\" data-widget_type=\"heading.default\">\n\t\t\t\t<div class=\"elementor-widget-container\">\n\t\t\t\t\t<h2 class=\"elementor-heading-title elementor-size-medium\">1. Sua privacidade<\/h2>\t\t\t\t<\/div>\n\t\t\t\t<\/div>\n\t\t\t\t<div class=\"elementor-element elementor-element-eccf679 contact elementor-widget elementor-widget-text-editor\" data-id=\"eccf679\" data-element_type=\"widget\" data-e-type=\"widget\" data-widget_type=\"text-editor.default\">\n\t\t\t\t<div class=\"elementor-widget-container\">\n\t\t\t\t\t\t\t\t\t<ol><li style=\"list-style-type: none;\"><ol><li style=\"font-weight: 400;\" aria-level=\"2\"><span style=\"font-weight: 400;\">Para um bom tratamento \u00e9 necess\u00e1rio que eu, como seu terapeuta respons\u00e1vel, crie um arquivo. Esta \u00e9 uma obriga\u00e7\u00e3o legal imposta pela WGBO (Medical Treatment Agreement Act). Seu arquivo cont\u00e9m notas sobre sua sa\u00fade e dados sobre exames e tratamentos realizados.<br \/><br \/><\/span><\/li><li style=\"font-weight: 400;\" aria-level=\"2\"><span style=\"font-weight: 400;\">O arquivo tamb\u00e9m inclui informa\u00e7\u00f5es que s\u00e3o necess\u00e1rias para o seu tratamento ou que eu, ap\u00f3s sua permiss\u00e3o expl\u00edcita, solicitei a outro provedor de sa\u00fade ou que voc\u00ea mesmo forneceu.<br \/><br \/><\/span><\/li><li style=\"font-weight: 400;\" aria-level=\"2\"><span style=\"font-weight: 400;\">Garantimos a sua privacidade ao:<\/span><span style=\"font-weight: 400;\"><br \/><\/span><span style=\"font-weight: 400;\">- Trate seus dados pessoais e m\u00e9dicos com cuidado;<\/span><span style=\"font-weight: 400;\"><br \/><\/span><span style=\"font-weight: 400;\">- Como seu terapeuta respons\u00e1vel pelo tratamento, s\u00f3 eu tenho acesso aos dados de seu arquivo. Tenho o dever legal de sigilo (sigilo profissional).\u00a0<br \/><br \/><\/span><\/li><li style=\"font-weight: 400;\" aria-level=\"2\"><span style=\"font-weight: 400;\">Os dados do seu arquivo tamb\u00e9m podem ser usados \u200b\u200bpara os seguintes fins:<\/span><span style=\"font-weight: 400;\"><br \/><\/span><span style=\"font-weight: 400;\">- Para informar outros profissionais de sa\u00fade, por exemplo, quando a terapia for conclu\u00edda ou no caso de encaminhamento para outro m\u00e9dico. Isso s\u00f3 acontece com sua permiss\u00e3o expl\u00edcita.<\/span><span style=\"font-weight: 400;\"><br \/><\/span><span style=\"font-weight: 400;\">- Para recomendar ervas e \/ ou suplementos chineses na Farm\u00e1cia Natural.<\/span><span style=\"font-weight: 400;\"><br \/><\/span><span style=\"font-weight: 400;\">- Nome, endere\u00e7o, local de resid\u00eancia e data de nascimento s\u00e3o usados \u200b\u200bpara a administra\u00e7\u00e3o financeira, para que eu ou a minha administra\u00e7\u00e3o possamos emitir uma fatura. Se voc\u00ea der permiss\u00e3o para isso no acordo de tratamento (voc\u00ea o assina antes do primeiro tratamento).<\/span><span style=\"font-weight: 400;\"><br \/><\/span><span style=\"font-weight: 400;\">- Para uso an\u00f4nimo durante a revis\u00e3o por pares.<\/span><span style=\"font-weight: 400;\"><br \/><\/span><span style=\"font-weight: 400;\">- Para uso an\u00f4nimo para fins de treinamento (durante est\u00e1gios e \/ ou nas minhas aulas (digitais)).<br \/><br \/><\/span><\/li><li style=\"font-weight: 400;\" aria-level=\"2\"><span style=\"font-weight: 400;\">Se eu quiser usar seus dados por qualquer outro motivo, primeiro irei inform\u00e1-lo e pedir explicitamente seu consentimento.<br \/><br \/><\/span><\/li><li style=\"font-weight: 400;\" aria-level=\"2\"><span style=\"font-weight: 400;\">Esses dados no arquivo do cliente s\u00e3o mantidos por 20 anos, conforme exigido pela Lei do Contrato de Tratamento M\u00e9dico (WGBO). Os dados s\u00e3o exclu\u00eddos automaticamente 20 anos ap\u00f3s o \u00faltimo tratamento. Voc\u00ea tem o direito de ver esses dados, de fazer com que sejam ajustados ou, por meio de um pedido por escrito, de remov\u00ea-los com anteced\u00eancia.<br \/><br \/><\/span><\/li><li style=\"font-weight: 400;\" aria-level=\"2\">Se voc\u00ea tiver uma reclama\u00e7\u00e3o sobre como eu lido com dados pessoais e m\u00e9dicos e n\u00e3o pudermos resolver isso juntos, voc\u00ea tem a op\u00e7\u00e3o de enviar uma reclama\u00e7\u00e3o \u00e0 Autoridade de Prote\u00e7\u00e3o de Dados Holandesa.<\/li><\/ol><\/li><\/ol>\t\t\t\t\t\t\t\t<\/div>\n\t\t\t\t<\/div>\n\t\t\t\t\t<\/div>\n\t\t<\/div>\n\t\t\t\t\t<\/div>\n\t\t<\/section>\n\t\t\t\t<section class=\"elementor-section elementor-inner-section elementor-element elementor-element-4ed98789 elementor-section-boxed elementor-section-height-default elementor-section-height-default\" data-id=\"4ed98789\" data-element_type=\"section\" data-e-type=\"section\">\n\t\t\t\t\t\t<div class=\"elementor-container elementor-column-gap-default\">\n\t\t\t\t\t<div class=\"elementor-column elementor-col-100 elementor-inner-column elementor-element elementor-element-a29d72a\" data-id=\"a29d72a\" data-element_type=\"column\" data-e-type=\"column\">\n\t\t\t<div class=\"elementor-widget-wrap elementor-element-populated\">\n\t\t\t\t\t\t<div class=\"elementor-element elementor-element-4acb7274 elementor-widget elementor-widget-heading\" data-id=\"4acb7274\" data-element_type=\"widget\" data-e-type=\"widget\" data-widget_type=\"heading.default\">\n\t\t\t\t<div class=\"elementor-widget-container\">\n\t\t\t\t\t<h3 class=\"elementor-heading-title elementor-size-medium\">2. Privacidade na sua fatura <\/h3>\t\t\t\t<\/div>\n\t\t\t\t<\/div>\n\t\t\t\t<div class=\"elementor-element elementor-element-6aab28e5 elementor-widget elementor-widget-text-editor\" data-id=\"6aab28e5\" data-element_type=\"widget\" data-e-type=\"widget\" data-widget_type=\"text-editor.default\">\n\t\t\t\t<div class=\"elementor-widget-container\">\n\t\t\t\t\t\t\t\t\t<ol><li><span style=\"font-weight: 400;\">As seguintes informa\u00e7\u00f5es est\u00e3o inclu\u00eddas na fatura \/ conta de atendimento que voc\u00ea recebe:<\/span><span style=\"font-weight: 400;\"><br \/><\/span><span style=\"font-weight: 400;\">- Seu nome, endere\u00e7o e local de resid\u00eancia<\/span><span style=\"font-weight: 400;\"><br \/><\/span><span style=\"font-weight: 400;\">- A data do tratamento<\/span><span style=\"font-weight: 400;\"><br \/><\/span><span style=\"font-weight: 400;\">- Uma breve descri\u00e7\u00e3o do tratamento, por exemplo &#039;Tratamento de Acupuntura&#039;<\/span><span style=\"font-weight: 400;\"><br \/><\/span><span style=\"font-weight: 400;\">- Os custos da consulta e \/ ou ervas ou suplementos chineses<\/span><\/li><\/ol>\t\t\t\t\t\t\t\t<\/div>\n\t\t\t\t<\/div>\n\t\t\t\t\t<\/div>\n\t\t<\/div>\n\t\t\t\t\t<\/div>\n\t\t<\/section>\n\t\t\t\t<section class=\"elementor-section elementor-inner-section elementor-element elementor-element-2dfb2ae3 elementor-section-boxed elementor-section-height-default elementor-section-height-default\" data-id=\"2dfb2ae3\" data-element_type=\"section\" data-e-type=\"section\">\n\t\t\t\t\t\t<div class=\"elementor-container elementor-column-gap-default\">\n\t\t\t\t\t<div class=\"elementor-column elementor-col-100 elementor-inner-column elementor-element elementor-element-1e66aa43\" data-id=\"1e66aa43\" data-element_type=\"column\" data-e-type=\"column\">\n\t\t\t<div class=\"elementor-widget-wrap elementor-element-populated\">\n\t\t\t\t\t\t<div class=\"elementor-element elementor-element-541f6999 elementor-widget elementor-widget-heading\" data-id=\"541f6999\" data-element_type=\"widget\" data-e-type=\"widget\" data-widget_type=\"heading.default\">\n\t\t\t\t<div class=\"elementor-widget-container\">\n\t\t\t\t\t<h3 class=\"elementor-heading-title elementor-size-medium\">3. Visita ao site<\/h3>\t\t\t\t<\/div>\n\t\t\t\t<\/div>\n\t\t\t\t<div class=\"elementor-element elementor-element-23669144 elementor-widget elementor-widget-text-editor\" data-id=\"23669144\" data-element_type=\"widget\" data-e-type=\"widget\" data-widget_type=\"text-editor.default\">\n\t\t\t\t<div class=\"elementor-widget-container\">\n\t\t\t\t\t\t\t\t\t<ol><li style=\"font-weight: 400;\" aria-level=\"2\"><span style=\"font-weight: 400;\">Os dados gerais do visitante s\u00e3o mantidos no site https:\/\/damiacupunctuur.nl, incluindo o endere\u00e7o IP do seu computador e o tempo de recupera\u00e7\u00e3o e os dados que o seu navegador envia. Esses dados s\u00e3o usados \u200b\u200bpara an\u00e1lises de comportamento de visitas e cliques no site. usa essas informa\u00e7\u00f5es para melhorar o funcionamento do site. Esses dados s\u00e3o tornados an\u00f4nimos tanto quanto poss\u00edvel e n\u00e3o s\u00e3o fornecidos a terceiros.<br \/><br \/><\/span><\/li><li style=\"font-weight: 400;\" aria-level=\"2\"><span style=\"font-weight: 400;\">Nosso site usa o Google Analytics para rastrear como os usu\u00e1rios usam o site e a efic\u00e1cia dos an\u00fancios do Adwords da Dami Acupunctuur &amp; Welzijn nas p\u00e1ginas de resultados de pesquisa do Google.<br \/>\u00a0<\/span><\/li><li style=\"font-weight: 400;\" aria-level=\"2\"><span style=\"font-weight: 400;\">As informa\u00e7\u00f5es assim obtidas, incluindo o endere\u00e7o do seu computador (endere\u00e7o IP), s\u00e3o transferidas e armazenadas pelo Google em servidores nos Estados Unidos. Leia a pol\u00edtica de privacidade do Google para obter mais informa\u00e7\u00f5es. Voc\u00ea tamb\u00e9m encontrar\u00e1 a pol\u00edtica de privacidade do Google Analytics aqui.\u00a0<br \/><br \/><\/span><\/li><li style=\"font-weight: 400;\" aria-level=\"2\"><span style=\"font-weight: 400;\">O Google usa essas informa\u00e7\u00f5es para rastrear como nosso site \u00e9 usado, para fornecer relat\u00f3rios sobre o site para a Dami Acupuntuur &amp; Welzijn e para fornecer aos seus anunciantes informa\u00e7\u00f5es sobre a efic\u00e1cia de suas campanhas. O Google pode fornecer essas informa\u00e7\u00f5es a terceiros se o Google for legalmente obrigado a faz\u00ea-lo ou na medida em que esses terceiros processem as informa\u00e7\u00f5es em nome do Google. A Dami Acupunctuur &amp; Welzijn n\u00e3o tem influ\u00eancia sobre isso. <br \/><\/span><span style=\"font-weight: 400;\"><br \/><\/span><\/li><li style=\"font-weight: 400;\" aria-level=\"2\">A Dami Acupunctuur &amp; Welzijn n\u00e3o deu permiss\u00e3o ao Google para usar as informa\u00e7\u00f5es do Analytics obtidas por meio dela para outros servi\u00e7os do Google.<\/li><\/ol>\t\t\t\t\t\t\t\t<\/div>\n\t\t\t\t<\/div>\n\t\t\t\t\t<\/div>\n\t\t<\/div>\n\t\t\t\t\t<\/div>\n\t\t<\/section>\n\t\t\t\t<section class=\"elementor-section elementor-inner-section elementor-element elementor-element-8bbb4e7 elementor-section-boxed elementor-section-height-default elementor-section-height-default\" data-id=\"8bbb4e7\" data-element_type=\"section\" data-e-type=\"section\">\n\t\t\t\t\t\t<div class=\"elementor-container elementor-column-gap-default\">\n\t\t\t\t\t<div class=\"elementor-column elementor-col-100 elementor-inner-column elementor-element elementor-element-351e0861\" data-id=\"351e0861\" data-element_type=\"column\" data-e-type=\"column\">\n\t\t\t<div class=\"elementor-widget-wrap elementor-element-populated\">\n\t\t\t\t\t\t<div class=\"elementor-element elementor-element-1d9fab38 elementor-widget elementor-widget-heading\" data-id=\"1d9fab38\" data-element_type=\"widget\" data-e-type=\"widget\" data-widget_type=\"heading.default\">\n\t\t\t\t<div class=\"elementor-widget-container\">\n\t\t\t\t\t<h3 class=\"elementor-heading-title elementor-size-medium\">4. Seguran\u00e7a<\/h3>\t\t\t\t<\/div>\n\t\t\t\t<\/div>\n\t\t\t\t<div class=\"elementor-element elementor-element-73728e4f elementor-widget elementor-widget-text-editor\" data-id=\"73728e4f\" data-element_type=\"widget\" data-e-type=\"widget\" data-widget_type=\"text-editor.default\">\n\t\t\t\t<div class=\"elementor-widget-container\">\n\t\t\t\t\t\t\t\t\t<ol><li style=\"font-weight: 400;\" aria-level=\"2\"><span style=\"font-weight: 400;\">A Dami Acupunctuur &amp; Welzijn leva a s\u00e9rio a prote\u00e7\u00e3o de seus dados e toma as medidas adequadas para evitar o uso indevido, perda, acesso n\u00e3o autorizado, divulga\u00e7\u00e3o indesejada e modifica\u00e7\u00e3o n\u00e3o autorizada.\u00a0<br \/><br \/><\/span><\/li><li style=\"font-weight: 400;\" aria-level=\"2\"><span style=\"font-weight: 400;\">O site usa um certificado SSL confi\u00e1vel para garantir que seus dados pessoais n\u00e3o caiam em m\u00e3os erradas.\u00a0<br \/><br \/><\/span><\/li><li style=\"font-weight: 400;\" aria-level=\"2\"><span style=\"font-weight: 400;\">Se tiver a impress\u00e3o de que os seus dados n\u00e3o est\u00e3o devidamente protegidos ou houver ind\u00edcios de uso indevido, ou se desejar mais informa\u00e7\u00f5es sobre a seguran\u00e7a dos dados pessoais recolhidos, contacte-nos atrav\u00e9s de info@damiactupunctuur.nl. <\/span><\/li><\/ol>\t\t\t\t\t\t\t\t<\/div>\n\t\t\t\t<\/div>\n\t\t\t\t\t<\/div>\n\t\t<\/div>\n\t\t\t\t\t<\/div>\n\t\t<\/section>\n\t\t\t\t\t<\/div>\n\t\t<\/div>\n\t\t\t\t\t<\/div>\n\t\t<\/section>\n\t\t\t\t<\/div>","protected":false},"excerpt":{"rendered":"<p>Privacybeleid Dami Acupunctuur &amp; Welzijn, gevestigd aan Mitrastraat 14, 1363XH Almere, is verantwoordelijk voor de verwerking van persoonsgegevens zoals weergegeven in deze privacyverklaring. Onze contactgegevens: Dami Acupunctuur &amp; Welzijn https:\/\/www.damiacupunctuur.nl Mitrastraat 14, 1363XH Almere +31 6 44 07 39 63 1. Uw privacy Voor een goede behandeling is het noodzakelijk dat ik, als uw behandelend [&hellip;]<\/p>\n","protected":false},"author":1,"featured_media":0,"parent":0,"menu_order":0,"comment_status":"closed","ping_status":"open","template":"","meta":{"footnotes":""},"class_list":["post-3","page","type-page","status-publish","hentry"],"aioseo_notices":[],"_links":{"self":[{"href":"https:\/\/damiacupunctuur.nl\/pt\/wp-json\/wp\/v2\/pages\/3","targetHints":{"allow":["GET"]}}],"collection":[{"href":"https:\/\/damiacupunctuur.nl\/pt\/wp-json\/wp\/v2\/pages"}],"about":[{"href":"https:\/\/damiacupunctuur.nl\/pt\/wp-json\/wp\/v2\/types\/page"}],"author":[{"embeddable":true,"href":"https:\/\/damiacupunctuur.nl\/pt\/wp-json\/wp\/v2\/users\/1"}],"replies":[{"embeddable":true,"href":"https:\/\/damiacupunctuur.nl\/pt\/wp-json\/wp\/v2\/comments?post=3"}],"version-history":[{"count":1,"href":"https:\/\/damiacupunctuur.nl\/pt\/wp-json\/wp\/v2\/pages\/3\/revisions"}],"predecessor-version":[{"id":2614,"href":"https:\/\/damiacupunctuur.nl\/pt\/wp-json\/wp\/v2\/pages\/3\/revisions\/2614"}],"wp:attachment":[{"href":"https:\/\/damiacupunctuur.nl\/pt\/wp-json\/wp\/v2\/media?parent=3"}],"curies":[{"name":"wp","href":"https:\/\/api.w.org\/{rel}","templated":true}]}}