{"id":297,"date":"2021-07-24T23:25:18","date_gmt":"2021-07-24T23:25:18","guid":{"rendered":"https:\/\/damiacupunctuur.nl\/?page_id=297"},"modified":"2022-07-05T09:32:00","modified_gmt":"2022-07-05T09:32:00","slug":"algemene-voorwaarden","status":"publish","type":"page","link":"https:\/\/damiacupunctuur.nl\/pt\/termos-e-condicoes\/","title":{"rendered":"Termos e Condi\u00e7\u00f5es"},"content":{"rendered":"<div data-elementor-type=\"wp-page\" data-elementor-id=\"297\" class=\"elementor elementor-297\" data-elementor-post-type=\"page\">\n\t\t\t\t\t\t<section class=\"elementor-section elementor-top-section elementor-element elementor-element-1cf16db8 elementor-section-full_width elementor-section-height-min-height elementor-section-items-stretch elementor-section-content-middle elementor-section-height-default\" data-id=\"1cf16db8\" data-element_type=\"section\" data-e-type=\"section\" data-settings=\"{&quot;background_background&quot;:&quot;classic&quot;,&quot;shape_divider_bottom&quot;:&quot;waves&quot;,&quot;shape_divider_bottom_negative&quot;:&quot;yes&quot;}\">\n\t\t\t\t\t\t\t<div class=\"elementor-background-overlay\"><\/div>\n\t\t\t\t\t\t<div class=\"elementor-shape elementor-shape-bottom\" aria-hidden=\"true\" data-negative=\"true\">\n\t\t\t<svg xmlns=\"http:\/\/www.w3.org\/2000\/svg\" viewbox=\"0 0 1000 100\" preserveaspectratio=\"none\">\n\t<path class=\"elementor-shape-fill\" d=\"M790.5,93.1c-59.3-5.3-116.8-18-192.6-50c-29.6-12.7-76.9-31-100.5-35.9c-23.6-4.9-52.6-7.8-75.5-5.3\tc-10.2,1.1-22.6,1.4-50.1,7.4c-27.2,6.3-58.2,16.6-79.4,24.7c-41.3,15.9-94.9,21.9-134,22.6C72,58.2,0,25.8,0,25.8V100h1000V65.3\tc0,0-51.5,19.4-106.2,25.7C839.5,97,814.1,95.2,790.5,93.1z\"\/>\n<\/svg>\t\t<\/div>\n\t\t\t\t\t<div class=\"elementor-container elementor-column-gap-default\">\n\t\t\t\t\t<div class=\"elementor-column elementor-col-100 elementor-top-column elementor-element elementor-element-1c68caae\" data-id=\"1c68caae\" data-element_type=\"column\" data-e-type=\"column\">\n\t\t\t<div class=\"elementor-widget-wrap\">\n\t\t\t\t\t\t\t<\/div>\n\t\t<\/div>\n\t\t\t\t\t<\/div>\n\t\t<\/section>\n\t\t\t\t<section class=\"elementor-section elementor-top-section elementor-element elementor-element-73ce7a71 elementor-section-full_width elementor-section-height-min-height elementor-section-height-default elementor-section-items-middle\" data-id=\"73ce7a71\" data-element_type=\"section\" data-e-type=\"section\" data-settings=\"{&quot;shape_divider_top&quot;:&quot;waves&quot;}\">\n\t\t\t\t\t<div class=\"elementor-shape elementor-shape-top\" aria-hidden=\"true\" data-negative=\"false\">\n\t\t\t<svg xmlns=\"http:\/\/www.w3.org\/2000\/svg\" viewbox=\"0 0 1000 100\" preserveaspectratio=\"none\">\n\t<path class=\"elementor-shape-fill\" d=\"M421.9,6.5c22.6-2.5,51.5,0.4,75.5,5.3c23.6,4.9,70.9,23.5,100.5,35.7c75.8,32.2,133.7,44.5,192.6,49.7\tc23.6,2.1,48.7,3.5,103.4-2.5c54.7-6,106.2-25.6,106.2-25.6V0H0v30.3c0,0,72,32.6,158.4,30.5c39.2-0.7,92.8-6.7,134-22.4\tc21.2-8.1,52.2-18.2,79.7-24.2C399.3,7.9,411.6,7.5,421.9,6.5z\"\/>\n<\/svg>\t\t<\/div>\n\t\t\t\t\t<div class=\"elementor-container elementor-column-gap-default\">\n\t\t\t\t\t<div class=\"elementor-column elementor-col-100 elementor-top-column elementor-element elementor-element-3c9945ad\" data-id=\"3c9945ad\" data-element_type=\"column\" data-e-type=\"column\">\n\t\t\t<div class=\"elementor-widget-wrap\">\n\t\t\t\t\t\t\t<\/div>\n\t\t<\/div>\n\t\t\t\t\t<\/div>\n\t\t<\/section>\n\t\t\t\t<section class=\"elementor-section elementor-top-section elementor-element elementor-element-53a9fec elementor-section-boxed elementor-section-height-default elementor-section-height-default\" data-id=\"53a9fec\" data-element_type=\"section\" data-e-type=\"section\">\n\t\t\t\t\t\t<div class=\"elementor-container elementor-column-gap-default\">\n\t\t\t\t\t<div class=\"elementor-column elementor-col-100 elementor-top-column elementor-element elementor-element-da3d457\" data-id=\"da3d457\" data-element_type=\"column\" data-e-type=\"column\">\n\t\t\t<div class=\"elementor-widget-wrap elementor-element-populated\">\n\t\t\t\t\t\t<div class=\"elementor-element elementor-element-793767e elementor-widget elementor-widget-wp-widget-aioseo-breadcrumb-widget\" data-id=\"793767e\" data-element_type=\"widget\" data-e-type=\"widget\" data-widget_type=\"wp-widget-aioseo-breadcrumb-widget.default\">\n\t\t\t\t<div class=\"elementor-widget-container\">\n\t\t\t\t\t<div class=\"aioseo-breadcrumbs\"><span class=\"aioseo-breadcrumb\">\n\t\t\tHome\n\t\t<\/span><\/div>\t\t\t\t<\/div>\n\t\t\t\t<\/div>\n\t\t\t\t\t<\/div>\n\t\t<\/div>\n\t\t\t\t\t<\/div>\n\t\t<\/section>\n\t\t\t\t<section class=\"elementor-section elementor-top-section elementor-element elementor-element-6f1e59bd elementor-section-content-middle elementor-section-boxed elementor-section-height-default elementor-section-height-default\" data-id=\"6f1e59bd\" data-element_type=\"section\" data-e-type=\"section\">\n\t\t\t\t\t\t<div class=\"elementor-container elementor-column-gap-no\">\n\t\t\t\t\t<div class=\"elementor-column elementor-col-100 elementor-top-column elementor-element elementor-element-48ccfa4d\" data-id=\"48ccfa4d\" data-element_type=\"column\" data-e-type=\"column\">\n\t\t\t<div class=\"elementor-widget-wrap elementor-element-populated\">\n\t\t\t\t\t\t<div class=\"elementor-element elementor-element-28b57b0e elementor-widget elementor-widget-heading\" data-id=\"28b57b0e\" data-element_type=\"widget\" data-e-type=\"widget\" data-widget_type=\"heading.default\">\n\t\t\t\t<div class=\"elementor-widget-container\">\n\t\t\t\t\t<h1 class=\"elementor-heading-title elementor-size-default\">Termos e Condi\u00e7\u00f5es<\/h1>\t\t\t\t<\/div>\n\t\t\t\t<\/div>\n\t\t\t\t<section class=\"elementor-section elementor-inner-section elementor-element elementor-element-1a878827 elementor-section-boxed elementor-section-height-default elementor-section-height-default\" data-id=\"1a878827\" data-element_type=\"section\" data-e-type=\"section\">\n\t\t\t\t\t\t<div class=\"elementor-container elementor-column-gap-default\">\n\t\t\t\t\t<div class=\"elementor-column elementor-col-100 elementor-inner-column elementor-element elementor-element-36001da3\" data-id=\"36001da3\" data-element_type=\"column\" data-e-type=\"column\">\n\t\t\t<div class=\"elementor-widget-wrap elementor-element-populated\">\n\t\t\t\t\t\t<div class=\"elementor-element elementor-element-3e4f7b2 elementor-widget elementor-widget-heading\" data-id=\"3e4f7b2\" data-element_type=\"widget\" data-e-type=\"widget\" data-widget_type=\"heading.default\">\n\t\t\t\t<div class=\"elementor-widget-container\">\n\t\t\t\t\t<h3 class=\"elementor-heading-title elementor-size-medium\">\u00cdndice\n<\/h3>\t\t\t\t<\/div>\n\t\t\t\t<\/div>\n\t\t\t\t<div class=\"elementor-element elementor-element-79d39554 elementor-widget elementor-widget-text-editor\" data-id=\"79d39554\" data-element_type=\"widget\" data-e-type=\"widget\" data-widget_type=\"text-editor.default\">\n\t\t\t\t<div class=\"elementor-widget-container\">\n\t\t\t\t\t\t\t\t\t<ol><li><a href=\"#algemeen\">Em geral<\/a><\/li><li><a href=\"#behandelingen\">Tratamentos<\/a><\/li><li><a href=\"#aansprakelijkheid\">Responsabilidade<\/a><\/li><li><a href=\"#klachten\">Reclama\u00e7\u00f5es<\/a><\/li><li><a href=\"#verwerking-van-gegevens\">Processamento de dados<\/a><\/li><li><a href=\"#bibliografische-verwijzingen\">Refer\u00eancias Bibliogr\u00e1ficas<\/a><\/li><\/ol>\t\t\t\t\t\t\t\t<\/div>\n\t\t\t\t<\/div>\n\t\t\t\t\t<\/div>\n\t\t<\/div>\n\t\t\t\t\t<\/div>\n\t\t<\/section>\n\t\t\t\t<section class=\"elementor-section elementor-inner-section elementor-element elementor-element-20feeed elementor-section-boxed elementor-section-height-default elementor-section-height-default\" data-id=\"20feeed\" data-element_type=\"section\" data-e-type=\"section\">\n\t\t\t\t\t\t<div class=\"elementor-container elementor-column-gap-default\">\n\t\t\t\t\t<div class=\"elementor-column elementor-col-100 elementor-inner-column elementor-element elementor-element-ef587d6\" data-id=\"ef587d6\" data-element_type=\"column\" data-e-type=\"column\">\n\t\t\t<div class=\"elementor-widget-wrap elementor-element-populated\">\n\t\t\t\t\t\t<div class=\"elementor-element elementor-element-b3e035b elementor-widget elementor-widget-heading\" data-id=\"b3e035b\" data-element_type=\"widget\" data-e-type=\"widget\" id=\"algemeen\" data-widget_type=\"heading.default\">\n\t\t\t\t<div class=\"elementor-widget-container\">\n\t\t\t\t\t<h3 class=\"elementor-heading-title elementor-size-medium\">1. Em geral<\/h3>\t\t\t\t<\/div>\n\t\t\t\t<\/div>\n\t\t\t\t<div class=\"elementor-element elementor-element-99cf32d elementor-widget elementor-widget-text-editor\" data-id=\"99cf32d\" data-element_type=\"widget\" data-e-type=\"widget\" data-widget_type=\"text-editor.default\">\n\t\t\t\t<div class=\"elementor-widget-container\">\n\t\t\t\t\t\t\t\t\t<ol><li><span style=\"font-weight: 400;\"><span style=\"font-weight: 400;\">Durante a entrevista inicial, o terapeuta explicar\u00e1 ao cliente sobre o tratamento de acupuntura e os efeitos esperados;<\/span><\/span><\/li><li><span style=\"font-weight: 400;\">Antes ou durante o primeiro tratamento, o cliente fornecer\u00e1 informa\u00e7\u00f5es sobre:<\/span><span style=\"font-weight: 400;\"><br \/><\/span><span style=\"font-weight: 400;\">- a queixa principal;<\/span><span style=\"font-weight: 400;\"><br \/><\/span><span style=\"font-weight: 400;\">- sa\u00fade e hist\u00f3ria m\u00e9dica;<\/span><span style=\"font-weight: 400;\"><br \/><\/span><span style=\"font-weight: 400;\">- ser tratado por um m\u00e9dico, especialista ou terapeuta e para qual queixa \/ condi\u00e7\u00e3o;<\/span><span style=\"font-weight: 400;\"><br \/><\/span><span style=\"font-weight: 400;\"><span style=\"font-weight: 400;\">- os medicamentos usados;<\/span><\/span><\/li><li><span style=\"font-weight: 400;\"><span style=\"font-weight: 400;\">Durante o per\u00edodo de tratamento, o cliente informar\u00e1 ao terapeuta sobre quaisquer altera\u00e7\u00f5es que ocorram em rela\u00e7\u00e3o \u00e0s informa\u00e7\u00f5es fornecidas anteriormente;<\/span><\/span><\/li><li><span style=\"font-weight: 400;\"><span style=\"font-weight: 400;\">Ao efetuar o pagamento dos tratamentos, assumimos que o cliente concorda com os termos e condi\u00e7\u00f5es e a pol\u00edtica de privacidade. Ambos podem ser acessados pelo site da Dami Acupunctuur &amp; Welzijn;<\/span><\/span><\/li><li><span style=\"font-weight: 400;\"><span style=\"font-weight: 400;\">Se o cliente estiver sendo tratado por um m\u00e9dico, especialista ou terapeuta, o cliente perguntar\u00e1 se a acupuntura se encaixa no plano de tratamento;<\/span><\/span><\/li><li><span style=\"font-weight: 400;\">A acupuntura n\u00e3o substitui o atendimento m\u00e9dico regular. Se o cliente estiver sendo tratado por um m\u00e9dico, especialista ou terapeuta, ele \/ ela tamb\u00e9m permanecer\u00e1 sob a supervis\u00e3o desse m\u00e9dico durante o per\u00edodo de tratamento e o cliente cumprir\u00e1 a medica\u00e7\u00e3o prescrita e as orienta\u00e7\u00f5es.<\/span><\/li><\/ol><ol><li style=\"list-style-type: none;\">\u00a0<\/li><\/ol>\t\t\t\t\t\t\t\t<\/div>\n\t\t\t\t<\/div>\n\t\t\t\t\t<\/div>\n\t\t<\/div>\n\t\t\t\t\t<\/div>\n\t\t<\/section>\n\t\t\t\t<section class=\"elementor-section elementor-inner-section elementor-element elementor-element-132a5a0 elementor-section-boxed elementor-section-height-default elementor-section-height-default\" data-id=\"132a5a0\" data-element_type=\"section\" data-e-type=\"section\">\n\t\t\t\t\t\t<div class=\"elementor-container elementor-column-gap-default\">\n\t\t\t\t\t<div class=\"elementor-column elementor-col-100 elementor-inner-column elementor-element elementor-element-2f8b39b\" data-id=\"2f8b39b\" data-element_type=\"column\" data-e-type=\"column\">\n\t\t\t<div class=\"elementor-widget-wrap elementor-element-populated\">\n\t\t\t\t\t\t<div class=\"elementor-element elementor-element-fb54b38 elementor-widget elementor-widget-heading\" data-id=\"fb54b38\" data-element_type=\"widget\" data-e-type=\"widget\" id=\"behandelingen\" data-widget_type=\"heading.default\">\n\t\t\t\t<div class=\"elementor-widget-container\">\n\t\t\t\t\t<h3 class=\"elementor-heading-title elementor-size-medium\">2. Tratamentos<\/h3>\t\t\t\t<\/div>\n\t\t\t\t<\/div>\n\t\t\t\t<div class=\"elementor-element elementor-element-9c660e9 elementor-widget elementor-widget-text-editor\" data-id=\"9c660e9\" data-element_type=\"widget\" data-e-type=\"widget\" data-widget_type=\"text-editor.default\">\n\t\t\t\t<div class=\"elementor-widget-container\">\n\t\t\t\t\t\t\t\t\t<ol><li><span style=\"font-weight: 400;\"><span style=\"font-weight: 400;\">O cliente solicita uma consulta por telefone, e-mail ou atrav\u00e9s do site. Isso ser\u00e1 confirmado por telefone pelo terapeuta em at\u00e9 48 horas \u00fateis.<\/span><\/span><\/li><li><span style=\"font-weight: 400;\"><span style=\"font-weight: 400;\">Durante a primeira consulta, as queixas e desejos do cliente s\u00e3o tra\u00e7ados em um plano de tratamento pelo terapeuta, que pode consistir em v\u00e1rias sess\u00f5es de tratamento;<\/span><\/span><\/li><li><span style=\"font-weight: 400;\"><span style=\"font-weight: 400;\">O cliente concorda com as taxas atuais para uma sess\u00e3o de tratamento. As taxas podem variar de acordo com o tratamento e a dura\u00e7\u00e3o do tratamento. Isso \u00e9 sempre discutido com o cliente antes do tratamento;<\/span><\/span><\/li><li><span style=\"font-weight: 400;\"><span style=\"font-weight: 400;\">O pagamento deve ser feito antes do tratamento. O terapeuta confirma os termos de pagamento com o cliente por telefone. O cliente receber\u00e1 ent\u00e3o um tikkie para efetuar o pagamento.<\/span><\/span><\/li><li><span style=\"font-weight: 400;\">O cancelamento de uma consulta \u00e9 poss\u00edvel gratuitamente at\u00e9 12 horas antes da hora marcada. Em caso de cancelamento com menos de 12 horas de anteced\u00eancia ou n\u00e3o comparecimento ao agendamento, n\u00e3o ser\u00e1 efetuada a devolu\u00e7\u00e3o do pagamento referente \u00e0 sess\u00e3o.<\/span><\/li><\/ol>\t\t\t\t\t\t\t\t<\/div>\n\t\t\t\t<\/div>\n\t\t\t\t\t<\/div>\n\t\t<\/div>\n\t\t\t\t\t<\/div>\n\t\t<\/section>\n\t\t\t\t<section class=\"elementor-section elementor-inner-section elementor-element elementor-element-eecf57f elementor-section-boxed elementor-section-height-default elementor-section-height-default\" data-id=\"eecf57f\" data-element_type=\"section\" data-e-type=\"section\">\n\t\t\t\t\t\t<div class=\"elementor-container elementor-column-gap-default\">\n\t\t\t\t\t<div class=\"elementor-column elementor-col-100 elementor-inner-column elementor-element elementor-element-b27ed5a\" data-id=\"b27ed5a\" data-element_type=\"column\" data-e-type=\"column\">\n\t\t\t<div class=\"elementor-widget-wrap elementor-element-populated\">\n\t\t\t\t\t\t<div class=\"elementor-element elementor-element-217f5ef elementor-widget elementor-widget-heading\" data-id=\"217f5ef\" data-element_type=\"widget\" data-e-type=\"widget\" id=\"aansprakelijkheid\" data-widget_type=\"heading.default\">\n\t\t\t\t<div class=\"elementor-widget-container\">\n\t\t\t\t\t<h3 class=\"elementor-heading-title elementor-size-medium\">3. Responsabilidade<\/h3>\t\t\t\t<\/div>\n\t\t\t\t<\/div>\n\t\t\t\t<div class=\"elementor-element elementor-element-5f471b9 elementor-widget elementor-widget-text-editor\" data-id=\"5f471b9\" data-element_type=\"widget\" data-e-type=\"widget\" data-widget_type=\"text-editor.default\">\n\t\t\t\t<div class=\"elementor-widget-container\">\n\t\t\t\t\t\t\t\t\t<ol><li style=\"font-weight: 400;\" aria-level=\"2\"><span style=\"font-weight: 400;\"><span style=\"font-weight: 400;\">O cliente concorda em ser tratado por sua pr\u00f3pria conta e responsabilidade;<\/span><\/span><\/li><li style=\"font-weight: 400;\" aria-level=\"2\"><span style=\"font-weight: 400;\"><span style=\"font-weight: 400;\">O terapeuta n\u00e3o se responsabiliza por danos e \/ ou les\u00f5es resultantes da reten\u00e7\u00e3o de informa\u00e7\u00f5es m\u00e9dicas pelo cliente, como dist\u00farbios f\u00edsicos e \/ ou mentais, les\u00f5es e uso de medicamentos;<\/span><\/span><\/li><li style=\"font-weight: 400;\" aria-level=\"2\">O terapeuta n\u00e3o fornece garantia m\u00e9dica e n\u00e3o \u00e9 respons\u00e1vel por complica\u00e7\u00f5es (m\u00e9dicas) que ocorram durante ou ap\u00f3s o tratamento com o cliente, que n\u00e3o sejam devidas a defici\u00eancias graves atribu\u00edveis por parte do terapeuta. O terapeuta n\u00e3o \u00e9 de forma alguma respons\u00e1vel por danos m\u00e9dicos.<\/li><\/ol>\t\t\t\t\t\t\t\t<\/div>\n\t\t\t\t<\/div>\n\t\t\t\t\t<\/div>\n\t\t<\/div>\n\t\t\t\t\t<\/div>\n\t\t<\/section>\n\t\t\t\t<section class=\"elementor-section elementor-inner-section elementor-element elementor-element-7ad5140 elementor-section-boxed elementor-section-height-default elementor-section-height-default\" data-id=\"7ad5140\" data-element_type=\"section\" data-e-type=\"section\">\n\t\t\t\t\t\t<div class=\"elementor-container elementor-column-gap-default\">\n\t\t\t\t\t<div class=\"elementor-column elementor-col-100 elementor-inner-column elementor-element elementor-element-468d4c3\" data-id=\"468d4c3\" data-element_type=\"column\" data-e-type=\"column\">\n\t\t\t<div class=\"elementor-widget-wrap elementor-element-populated\">\n\t\t\t\t\t\t<div class=\"elementor-element elementor-element-87ae297 elementor-widget elementor-widget-heading\" data-id=\"87ae297\" data-element_type=\"widget\" data-e-type=\"widget\" id=\"klachten\" data-widget_type=\"heading.default\">\n\t\t\t\t<div class=\"elementor-widget-container\">\n\t\t\t\t\t<h3 class=\"elementor-heading-title elementor-size-medium\">4. Reclama\u00e7\u00f5es<\/h3>\t\t\t\t<\/div>\n\t\t\t\t<\/div>\n\t\t\t\t<div class=\"elementor-element elementor-element-0e75cd9 elementor-widget elementor-widget-text-editor\" data-id=\"0e75cd9\" data-element_type=\"widget\" data-e-type=\"widget\" data-widget_type=\"text-editor.default\">\n\t\t\t\t<div class=\"elementor-widget-container\">\n\t\t\t\t\t\t\t\t\t<ol><li style=\"font-weight: 400;\" aria-level=\"2\"><span style=\"font-weight: 400;\">Se o cliente tiver alguma reclama\u00e7\u00e3o sobre o terapeuta e \/ ou os tratamentos, ele deve discutir isso com o terapeuta.<br \/><\/span><\/li><li style=\"font-weight: 400;\" aria-level=\"2\">Caso o terapeuta e o cliente n\u00e3o entrarem em um acordo, o cliente pode explicar a situa\u00e7\u00e3o por escrito e enviar para <a href=\"mailto:info@damiacupunctuur.nl\"><span>info@damiacupunctuur.nl<\/span><\/a><\/li><\/ol>\t\t\t\t\t\t\t\t<\/div>\n\t\t\t\t<\/div>\n\t\t\t\t\t<\/div>\n\t\t<\/div>\n\t\t\t\t\t<\/div>\n\t\t<\/section>\n\t\t\t\t<section class=\"elementor-section elementor-inner-section elementor-element elementor-element-48bb66f elementor-section-boxed elementor-section-height-default elementor-section-height-default\" data-id=\"48bb66f\" data-element_type=\"section\" data-e-type=\"section\">\n\t\t\t\t\t\t<div class=\"elementor-container elementor-column-gap-default\">\n\t\t\t\t\t<div class=\"elementor-column elementor-col-100 elementor-inner-column elementor-element elementor-element-1d7f6cd\" data-id=\"1d7f6cd\" data-element_type=\"column\" data-e-type=\"column\">\n\t\t\t<div class=\"elementor-widget-wrap elementor-element-populated\">\n\t\t\t\t\t\t<div class=\"elementor-element elementor-element-898effb elementor-widget elementor-widget-heading\" data-id=\"898effb\" data-element_type=\"widget\" data-e-type=\"widget\" id=\"verwerking-van-gegevens\" data-widget_type=\"heading.default\">\n\t\t\t\t<div class=\"elementor-widget-container\">\n\t\t\t\t\t<h2 class=\"elementor-heading-title elementor-size-medium\">5. Processamento de dados<\/h2>\t\t\t\t<\/div>\n\t\t\t\t<\/div>\n\t\t\t\t<div class=\"elementor-element elementor-element-f9181ad elementor-widget elementor-widget-text-editor\" data-id=\"f9181ad\" data-element_type=\"widget\" data-e-type=\"widget\" data-widget_type=\"text-editor.default\">\n\t\t\t\t<div class=\"elementor-widget-container\">\n\t\t\t\t\t\t\t\t\t<ol><li><span style=\"font-weight: 400;\">A pr\u00e1tica est\u00e1 em conformidade com a Lei AVG. A forma como os dados e privacidade do cliente s\u00e3o tratados \u00e9 declarada na <a href=\"https:\/\/damiacupunctuur.nl\/pt\/politica-de-privacidade\/\">Pol\u00edtica de Privacidade<\/a> que pode ser encontrada no site.<\/span><\/li><\/ol>\t\t\t\t\t\t\t\t<\/div>\n\t\t\t\t<\/div>\n\t\t\t\t\t<\/div>\n\t\t<\/div>\n\t\t\t\t\t<\/div>\n\t\t<\/section>\n\t\t\t\t<section class=\"elementor-section elementor-inner-section elementor-element elementor-element-0279192 elementor-section-boxed elementor-section-height-default elementor-section-height-default\" data-id=\"0279192\" data-element_type=\"section\" data-e-type=\"section\">\n\t\t\t\t\t\t<div class=\"elementor-container elementor-column-gap-default\">\n\t\t\t\t\t<div class=\"elementor-column elementor-col-100 elementor-inner-column elementor-element elementor-element-743cbaf\" data-id=\"743cbaf\" data-element_type=\"column\" data-e-type=\"column\">\n\t\t\t<div class=\"elementor-widget-wrap elementor-element-populated\">\n\t\t\t\t\t\t<div class=\"elementor-element elementor-element-d689f34 elementor-widget elementor-widget-heading\" data-id=\"d689f34\" data-element_type=\"widget\" data-e-type=\"widget\" id=\"bibliografische-verwijzingen\" data-widget_type=\"heading.default\">\n\t\t\t\t<div class=\"elementor-widget-container\">\n\t\t\t\t\t<h2 class=\"elementor-heading-title elementor-size-medium\">6. Refer\u00eancias Bibliogr\u00e1ficas<\/h2>\t\t\t\t<\/div>\n\t\t\t\t<\/div>\n\t\t\t\t<div class=\"elementor-element elementor-element-3b094b3 elementor-widget elementor-widget-text-editor\" data-id=\"3b094b3\" data-element_type=\"widget\" data-e-type=\"widget\" data-widget_type=\"text-editor.default\">\n\t\t\t\t<div class=\"elementor-widget-container\">\n\t\t\t\t\t\t\t\t\t<ol><li>Diagn\u00f3stico da Medicina Chinesa. B. Auteroche e P. Navailh. Editora Andrei.<\/li><li>Os Fundamentos da Medicina Chinesa. Giovanni Maciocia. Editora Roca.<\/li><li>A Pr\u00e1tica da Medicina Chinesa. Giovanni Maciocia. Editora Roca.<\/li><li>O Diagn\u00f3stico da Medicina Chinesa. Giovanni Maciocia. Editora Roca.<\/li><li>The Complete Guide to Aromatherapy \u2013 Salvatore Battaglia - 2\u00aa edi\u00e7\u00e3o<\/li><\/ol>\t\t\t\t\t\t\t\t<\/div>\n\t\t\t\t<\/div>\n\t\t\t\t<div class=\"elementor-element elementor-element-5ef60a3 elementor-widget elementor-widget-text-editor\" data-id=\"5ef60a3\" data-element_type=\"widget\" data-e-type=\"widget\" data-widget_type=\"text-editor.default\">\n\t\t\t\t<div class=\"elementor-widget-container\">\n\t\t\t\t\t\t\t\t\t<p><span style=\"font-weight: 400;\">Estes termos e condi\u00e7\u00f5es gerais fazem parte do contrato de tratamento. Ao assinar o contrato de tratamento, o cliente concorda com estes termos e condi\u00e7\u00f5es.<\/span><\/p>\t\t\t\t\t\t\t\t<\/div>\n\t\t\t\t<\/div>\n\t\t\t\t\t<\/div>\n\t\t<\/div>\n\t\t\t\t\t<\/div>\n\t\t<\/section>\n\t\t\t\t\t<\/div>\n\t\t<\/div>\n\t\t\t\t\t<\/div>\n\t\t<\/section>\n\t\t\t\t<\/div>","protected":false},"excerpt":{"rendered":"<p>Algemene voorwaarden Inhoudsopgave Algemeen Behandelingen Aansprakelijkheid Klachten Verwerking van gegevens Bibliografische verwijzingen 1. Algemeen De therapeut zal de cli\u00ebnt tijdens het intakegesprek uitleg geven over de acupunctuurbehandeling, en de te verwachten effecten; Voor of tijdens de eerste behandeling zal de cli\u00ebnt informatie geven over:\u2013 de hulpvraag;\u2013 gezondheid en medisch verleden;\u2013 het onder behandeling zijn van [&hellip;]<\/p>\n","protected":false},"author":1,"featured_media":0,"parent":0,"menu_order":0,"comment_status":"closed","ping_status":"closed","template":"","meta":{"footnotes":""},"class_list":["post-297","page","type-page","status-publish","hentry"],"aioseo_notices":[],"_links":{"self":[{"href":"https:\/\/damiacupunctuur.nl\/pt\/wp-json\/wp\/v2\/pages\/297","targetHints":{"allow":["GET"]}}],"collection":[{"href":"https:\/\/damiacupunctuur.nl\/pt\/wp-json\/wp\/v2\/pages"}],"about":[{"href":"https:\/\/damiacupunctuur.nl\/pt\/wp-json\/wp\/v2\/types\/page"}],"author":[{"embeddable":true,"href":"https:\/\/damiacupunctuur.nl\/pt\/wp-json\/wp\/v2\/users\/1"}],"replies":[{"embeddable":true,"href":"https:\/\/damiacupunctuur.nl\/pt\/wp-json\/wp\/v2\/comments?post=297"}],"version-history":[{"count":6,"href":"https:\/\/damiacupunctuur.nl\/pt\/wp-json\/wp\/v2\/pages\/297\/revisions"}],"predecessor-version":[{"id":2556,"href":"https:\/\/damiacupunctuur.nl\/pt\/wp-json\/wp\/v2\/pages\/297\/revisions\/2556"}],"wp:attachment":[{"href":"https:\/\/damiacupunctuur.nl\/pt\/wp-json\/wp\/v2\/media?parent=297"}],"curies":[{"name":"wp","href":"https:\/\/api.w.org\/{rel}","templated":true}]}}